{"id":8,"date":"2020-03-20T13:38:00","date_gmt":"2020-03-20T13:38:00","guid":{"rendered":"https:\/\/sued-apotheke-kiel.de?page_id=8"},"modified":"2020-03-25T11:39:48","modified_gmt":"2020-03-25T11:39:48","slug":"impressum-sued-apotheke","status":"publish","type":"page","link":"https:\/\/sued-apotheke-kiel.de\/?page_id=8","title":{"rendered":"Impressum S\u00fcd-Apotheke"},"content":{"rendered":"<h1>Impressum S\u00fcd-Apotheke<\/h1>\r\n\r\n<h2 class=\"legal-heading\">Name und Anschrift<\/h2>\r\n<p class=\"legal-text\">S\u00fcd-Apotheke\r\nAntje Lorek e.Kfr.\r\nGrot Steenbusch 30-40\r\n24145 Kiel<\/p>\r\n<p class=\"legal-text\">Rechtsform: e.Kfr.\r\nTelefon: (0431) 220980\r\nFax: (0431) 2209810\r\nE-Mail: <a class=\"link\" href=\"mailto:info@sued-apotheke-kiel.de\">info@sued-apotheke-kiel.de<\/a><\/p>\r\n&nbsp;\r\n<h2 class=\"legal-heading\">Registergericht<\/h2>\r\n<p class=\"legal-text\">Amtsgericht Kiel<\/p>\r\n\r\n<h2 class=\"legal-heading\">Handelsregisternummer<\/h2>\r\n<p class=\"legal-text\">HRA 7081<\/p>\r\n\r\n<h2 class=\"legal-heading\">Zust\u00e4ndige Aufsichtsbeh\u00f6rde<\/h2>\r\n<p class=\"legal-text\">Landesamt f\u00fcr soziale Dienste\r\nSchleswig-Holstein\r\nAbt. Gesundheitsschutz\r\nAdolph-Westphal-Str. 4\r\n24143 Kiel\r\n<a class=\"link\" href=\"mailto:info@lasd.landsh.de\">info@lasd.landsh.de<\/a>\r\n<a class=\"link\" href=\"http:\/\/www.schleswig-holstein.de\/LASD\/DE\/\">http:\/\/www.schleswig-holstein.de\/LASD\/DE\/<\/a><\/p>\r\n\r\n<h2 class=\"legal-heading\">Zust\u00e4ndige Kammer<\/h2>\r\n<p class=\"legal-text\">Apothekerkammer Schleswig-Holstein<\/p>\r\nD\u00fcsternbrooker Weg 75\r\n24105 Kiel\r\n<a class=\"link\" href=\"mailto:geschaeftsstelle@ak-sh.aponet.de\">geschaeftsstelle@ak-sh.aponet.de<\/a>\r\n<a class=\"link\" href=\"http:\/\/www.apothekerkammer-schleswig-holstein.de\">http:\/\/www.apothekerkammer-schleswig-holstein.de<\/a>\r\n<h2 class=\"legal-heading\">Zust\u00e4ndiger Apothekerverband<\/h2>\r\n<p class=\"legal-text\">apothekerverband Schleswig-Holstein e.V.\r\nGesch\u00e4ftsstelle<\/p>\r\nSteekberg 11\r\n24107 Kiel\r\n<a class=\"link\" href=\"mailto:verband@apotheke-sh.de\">verband@apotheke-sh.de<\/a>\r\n<a class=\"link\" href=\"http:\/\/www.apothekerverband-sh.de\">http:\/\/www.apothekerverband-sh.de<\/a>\r\n<h2 class=\"legal-heading\">Gesetzliche Berufsbezeichnung<\/h2>\r\n<p class=\"legal-text\">Apotheker\r\nStaat, der die Berufsbezeichnung verliehen hat:\r\nDeutschland<\/p>\r\n\r\n<h2 class=\"legal-heading\">Berufsrechtliche Regelung<\/h2>\r\n<p class=\"legal-text\">AK Schleswig-Holstein\r\n<a class=\"link\" href=\"http:\/\/www.apothekerkammer-schleswig-holstein.de\">http:\/\/www.apothekerkammer-schleswig-holstein.de<\/a><\/p>\r\n\r\n<h2 class=\"legal-heading\">Bundes-Apothekenordung<\/h2>\r\n<p class=\"legal-text\"><a class=\"link\" href=\"http:\/\/www.gesetze-im-internet.de\">http:\/\/www.gesetze-im-internet.de<\/a><\/p>\r\n\r\n<h2 class=\"legal-heading\">Apothekengesetz<\/h2>\r\n<p class=\"legal-text\"><a class=\"link\" href=\"http:\/\/www.gesetze-im-internet.de\">http:\/\/www.gesetze-im-internet.de<\/a><\/p>\r\n\r\n<h2 class=\"legal-heading\">Apothekenbetriebsordung<\/h2>\r\n<p class=\"legal-text\"><a class=\"link\" href=\"http:\/\/www.gesetze-im-internet.de\">http:\/\/www.gesetze-im-internet.de<\/a><\/p>\r\n\r\n<h2 class=\"legal-heading\">Umsatzsteuer-Identifikationsnummer<\/h2>\r\n<p class=\"legal-text\">DE26280910<\/p>\r\n\r\n<h2 class=\"legal-heading\">Streitbeilegungsverfahren nach dem Verbraucherstreitbeilegungsgesetz \u2013 VSBG:<\/h2>\r\n<p class=\"legal-text\">Wir sind nicht bereit und nicht verpflichtet an Streitbeilegungsverfahren vor einer Verbraucherschlichtungsstelle teilzunehmen.<\/p>\r\nAuskunftsrecht und Widerspruch\r\n\r\nSie haben jederzeit das Recht, Auskunft \u00fcber Ihre bei uns gespeicherten Daten zu verlangen. Diese Information stellen wir kostenlos zur Verf\u00fcgung. Sie k\u00f6nnen Ihre bei uns erhobenen Daten jederzeit sperren, berichtigen oder l\u00f6schen lassen.<!-- \/wp:post-content -->","protected":false},"excerpt":{"rendered":"<p>Impressum S\u00fcd-Apotheke Name und Anschrift S\u00fcd-Apotheke Antje Lorek e.Kfr. Grot Steenbusch 30-40 24145 Kiel Rechtsform: e.Kfr. Telefon: (0431) 220980 Fax: (0431) 2209810 E-Mail: info@sued-apotheke-kiel.de &nbsp; Registergericht Amtsgericht Kiel Handelsregisternummer HRA&#8230;<\/p>\n<div class=\"more-link-wrapper\"><a class=\"more-link\" href=\"https:\/\/sued-apotheke-kiel.de\/?page_id=8\">Weiterlesen<span class=\"screen-reader-text\">Impressum S\u00fcd-Apotheke<\/span><\/a><\/div>\n","protected":false},"author":1,"featured_media":4,"parent":0,"menu_order":0,"comment_status":"closed","ping_status":"closed","template":"full-width.php","meta":{"footnotes":""},"class_list":["post-8","page","type-page","status-publish","has-post-thumbnail","hentry","excerpt"],"_links":{"self":[{"href":"https:\/\/sued-apotheke-kiel.de\/index.php?rest_route=\/wp\/v2\/pages\/8","targetHints":{"allow":["GET"]}}],"collection":[{"href":"https:\/\/sued-apotheke-kiel.de\/index.php?rest_route=\/wp\/v2\/pages"}],"about":[{"href":"https:\/\/sued-apotheke-kiel.de\/index.php?rest_route=\/wp\/v2\/types\/page"}],"author":[{"embeddable":true,"href":"https:\/\/sued-apotheke-kiel.de\/index.php?rest_route=\/wp\/v2\/users\/1"}],"replies":[{"embeddable":true,"href":"https:\/\/sued-apotheke-kiel.de\/index.php?rest_route=%2Fwp%2Fv2%2Fcomments&post=8"}],"version-history":[{"count":0,"href":"https:\/\/sued-apotheke-kiel.de\/index.php?rest_route=\/wp\/v2\/pages\/8\/revisions"}],"wp:featuredmedia":[{"embeddable":true,"href":"https:\/\/sued-apotheke-kiel.de\/index.php?rest_route=\/wp\/v2\/media\/4"}],"wp:attachment":[{"href":"https:\/\/sued-apotheke-kiel.de\/index.php?rest_route=%2Fwp%2Fv2%2Fmedia&parent=8"}],"curies":[{"name":"wp","href":"https:\/\/api.w.org\/{rel}","templated":true}]}}