{"id":16,"date":"2020-03-20T13:42:04","date_gmt":"2020-03-20T13:42:04","guid":{"rendered":"https:\/\/sued-apotheke-kiel.de?page_id=16"},"modified":"2020-09-30T12:57:02","modified_gmt":"2020-09-30T12:57:02","slug":"servicekarte","status":"publish","type":"page","link":"https:\/\/sued-apotheke-kiel.de\/?page_id=16","title":{"rendered":"Servicekarte"},"content":{"rendered":"\r\n<h1 class=\"wp-block-heading\">Servicekarte<\/h1>\r\n\r\n<p style=\"text-align: left;\">Kommen sie in unsere Apotheke und f\u00fcllen sie den Antrag f\u00fcr ihr Servicekonto aus.<\/p>\r\n<p style=\"text-align: left;\">F\u00fcr Ihre Gesundheit!<\/p>\r\n<p style=\"text-align: left;\"><strong>Vorteile<\/strong><br \/>\u2022 Wir haben Ihre Dauer Medikation immer da.<br \/>\u2022 Auf Wunsch ermitteln wir Arzneimittelwechselwirkungen. So wird gew\u00e4hrleistet, dass sich alle Ihre Medikamente \u2013soweit sie uns bekannt sind -miteinander vertragen.<br \/>\u2022 Wir drucken Ihnen gerne zum Jahresende eine Auflistung der Zuzahlungen als Nachweis f\u00fcr die Krankenkasse oder eine Aufstellung s\u00e4mtlicher Aufwendungen f\u00fcr das Finanzamt.<br \/>\u2022 Wir gew\u00e4hren einen Rabatt von 3% auf viele Artikel, die nicht Apothekenpflichtig sind.<br \/>\u2022 Auf Wunsch erhalten Sie eine Monatsrechnung. Diese k\u00f6nnen Sie bequem innerhalb von 14 Tagen bezahlen.<\/p>\r\n<a href=\"https:\/\/skarabaeus-apotheke.de\/wp-content\/uploads\/2015\/04\/KundenVital.pdf\" class=\"pdfemb-viewer\" style=\"\" data-width=\"max\" data-height=\"max\" data-toolbar=\"bottom\" data-toolbar-fixed=\"off\">KundenVital<\/a>","protected":false},"excerpt":{"rendered":"<p>Servicekarte Kommen sie in unsere Apotheke und f\u00fcllen sie den Antrag f\u00fcr ihr Servicekonto aus. F\u00fcr Ihre Gesundheit! Vorteile\u2022 Wir haben Ihre Dauer Medikation immer da.\u2022 Auf Wunsch ermitteln wir&#8230;<\/p>\n<div class=\"more-link-wrapper\"><a class=\"more-link\" href=\"https:\/\/sued-apotheke-kiel.de\/?page_id=16\">Weiterlesen<span class=\"screen-reader-text\">Servicekarte<\/span><\/a><\/div>\n","protected":false},"author":1,"featured_media":4,"parent":0,"menu_order":0,"comment_status":"closed","ping_status":"closed","template":"full-width.php","meta":{"footnotes":""},"class_list":["post-16","page","type-page","status-publish","has-post-thumbnail","hentry","excerpt"],"_links":{"self":[{"href":"https:\/\/sued-apotheke-kiel.de\/index.php?rest_route=\/wp\/v2\/pages\/16","targetHints":{"allow":["GET"]}}],"collection":[{"href":"https:\/\/sued-apotheke-kiel.de\/index.php?rest_route=\/wp\/v2\/pages"}],"about":[{"href":"https:\/\/sued-apotheke-kiel.de\/index.php?rest_route=\/wp\/v2\/types\/page"}],"author":[{"embeddable":true,"href":"https:\/\/sued-apotheke-kiel.de\/index.php?rest_route=\/wp\/v2\/users\/1"}],"replies":[{"embeddable":true,"href":"https:\/\/sued-apotheke-kiel.de\/index.php?rest_route=%2Fwp%2Fv2%2Fcomments&post=16"}],"version-history":[{"count":0,"href":"https:\/\/sued-apotheke-kiel.de\/index.php?rest_route=\/wp\/v2\/pages\/16\/revisions"}],"wp:featuredmedia":[{"embeddable":true,"href":"https:\/\/sued-apotheke-kiel.de\/index.php?rest_route=\/wp\/v2\/media\/4"}],"wp:attachment":[{"href":"https:\/\/sued-apotheke-kiel.de\/index.php?rest_route=%2Fwp%2Fv2%2Fmedia&parent=16"}],"curies":[{"name":"wp","href":"https:\/\/api.w.org\/{rel}","templated":true}]}}