{"id":14,"date":"2020-03-20T13:41:27","date_gmt":"2020-03-20T13:41:27","guid":{"rendered":"https:\/\/sued-apotheke-kiel.de?page_id=14"},"modified":"2020-03-20T13:53:04","modified_gmt":"2020-03-20T13:53:04","slug":"service-vor-ort","status":"publish","type":"page","link":"https:\/\/sued-apotheke-kiel.de\/?page_id=14","title":{"rendered":"Service vor Ort"},"content":{"rendered":"\r\n<h1 class=\"wp-block-heading\">Service vor Ort<\/h1>\r\n\r\n<p>\u2022 Wir stellen Reise- und Haus \u2013 Apotheken nach Ihren Bed\u00fcrfnissen f\u00fcr sie zusammen.<br \/>\u2022 Wir messen Ihren Blutdruck<br \/>\u2022 Wir messen und passen fachgerecht Kompressionsstr\u00fcmpfe an.<br \/>\u2022 Wir \u00fcberpr\u00fcfen Verbandk\u00e4sten.<br \/>\u2022 Wir k\u00fcmmern uns um Ihre individuelle Medikamentenversorgung. Wenn sie krank sind und nicht in die Apotheke kommen k\u00f6nnen, rufen Sie uns    einfach an.<br \/>\u2022 Wir verleihen Inhalation Ger\u00e4te und nehmen uns Zeit Ihnen die Handhabung und Funktion zu erkl\u00e4ren.<br \/>\u2022 Wir verleihen Milchpumpen der Firma Medela.<br \/>\u2022 Wir stellen f\u00fcr Sie Rezepturen her.<br \/>\u2022 Wir sind f\u00fcr Sie der Ansprechpartner in Sachen Hom\u00f6opathie.<br \/>\u2022 Wir bieten Ihnen eine Individuelle Sonnenschutz Beratung.<br \/>\u2022 Fu\u00dfpflege durch einen Qualifizierten Fu\u00dfpfleger. Termin nach Absprache.<\/p>","protected":false},"excerpt":{"rendered":"<p>Service vor Ort \u2022 Wir stellen Reise- und Haus \u2013 Apotheken nach Ihren Bed\u00fcrfnissen f\u00fcr sie zusammen.\u2022 Wir messen Ihren Blutdruck\u2022 Wir messen und passen fachgerecht Kompressionsstr\u00fcmpfe an.\u2022 Wir \u00fcberpr\u00fcfen&#8230;<\/p>\n<div class=\"more-link-wrapper\"><a class=\"more-link\" href=\"https:\/\/sued-apotheke-kiel.de\/?page_id=14\">Weiterlesen<span class=\"screen-reader-text\">Service vor Ort<\/span><\/a><\/div>\n","protected":false},"author":1,"featured_media":4,"parent":0,"menu_order":0,"comment_status":"closed","ping_status":"closed","template":"full-width.php","meta":{"footnotes":""},"class_list":["post-14","page","type-page","status-publish","has-post-thumbnail","hentry","excerpt"],"_links":{"self":[{"href":"https:\/\/sued-apotheke-kiel.de\/index.php?rest_route=\/wp\/v2\/pages\/14","targetHints":{"allow":["GET"]}}],"collection":[{"href":"https:\/\/sued-apotheke-kiel.de\/index.php?rest_route=\/wp\/v2\/pages"}],"about":[{"href":"https:\/\/sued-apotheke-kiel.de\/index.php?rest_route=\/wp\/v2\/types\/page"}],"author":[{"embeddable":true,"href":"https:\/\/sued-apotheke-kiel.de\/index.php?rest_route=\/wp\/v2\/users\/1"}],"replies":[{"embeddable":true,"href":"https:\/\/sued-apotheke-kiel.de\/index.php?rest_route=%2Fwp%2Fv2%2Fcomments&post=14"}],"version-history":[{"count":0,"href":"https:\/\/sued-apotheke-kiel.de\/index.php?rest_route=\/wp\/v2\/pages\/14\/revisions"}],"wp:featuredmedia":[{"embeddable":true,"href":"https:\/\/sued-apotheke-kiel.de\/index.php?rest_route=\/wp\/v2\/media\/4"}],"wp:attachment":[{"href":"https:\/\/sued-apotheke-kiel.de\/index.php?rest_route=%2Fwp%2Fv2%2Fmedia&parent=14"}],"curies":[{"name":"wp","href":"https:\/\/api.w.org\/{rel}","templated":true}]}}